{"id":38226,"date":"2025-09-10T08:33:08","date_gmt":"2025-09-10T01:33:08","guid":{"rendered":"https:\/\/nonglamfarm.com\/privacy-policy\/"},"modified":"2025-11-02T12:04:07","modified_gmt":"2025-11-02T05:04:07","slug":"privacy-policy","status":"publish","type":"page","link":"https:\/\/nonglamfarm.com\/en\/privacy-policy\/","title":{"rendered":"Privacy Policy"},"content":{"rendered":"<p><span style=\"font-family: arial, helvetica, sans-serif;\"><\/p>\n&#13;\n<h2 class=\"wp-block-heading\"><span style=\"font-family: arial, helvetica, sans-serif;\">NONG LAM FARM JOINT STOCK COMPANY<\/span><\/h2>&#13;\n<h3><span style=\"font-family: arial, helvetica, sans-serif;\">PERSONAL INFORMATION PRIVACY POLICY<\/span><\/h3>&#13;\n<p><span style=\"font-family: arial, helvetica, sans-serif;\">Ng\u00e0y c\u00f3 hi\u1ec7u l\u1ef1c: 01\/11\/2025<\/span><\/p>&#13;\n<p>\u00a0<\/p>&#13;\n<h3><span style=\"font-family: arial, helvetica, sans-serif;\">1. PURPOSE AND SCOPE OF INFORMATION COLLECTION<\/span><\/h3>&#13;\n<p><span style=\"font-family: arial, helvetica, sans-serif;\">1.1. M\u1ee5c \u0111\u00edch thu th\u1eadp:<\/span><\/p>&#13;\n<p><span style=\"font-family: arial, helvetica, sans-serif;\">Ch\u00ednh s\u00e1ch n\u00e0y nh\u1eb1m gi\u1ea3i th\u00edch c\u00e1ch C\u00d4NG TY C\u1ed4 PH\u1ea6N N\u00d4NG L\u00c2M FARM (sau \u0111\u00e2y g\u1ecdi l\u00e0 &#8220;NLF&#8221; ho\u1eb7c &#8220;Ch\u00fang t\u00f4i&#8221;) thu th\u1eadp, s\u1eed d\u1ee5ng v\u00e0 b\u1ea3o v\u1ec7 Th\u00f4ng tin c\u00e1 nh\u00e2n c\u1ee7a Kh\u00e1ch h\u00e0ng\/Ng\u01b0\u1eddi d\u00f9ng khi truy c\u1eadp v\u00e0 t\u01b0\u01a1ng t\u00e1c v\u1edbi c\u00e1c s\u1ea3n ph\u1ea9m, gi\u1ea3i ph\u00e1p v\u00e0 d\u1ecbch v\u1ee5 c\u1ee7a NLF, \u0111\u1eb7c bi\u1ec7t th\u00f4ng qua website https:\/\/www.google.com\/search?q=nonglamfarm.com v\u00e0 c\u00e1c n\u1ec1n t\u1ea3ng tr\u1ef1c tuy\u1ebfn li\u00ean quan.<\/span><\/p>&#13;\n<p><span style=\"font-family: arial, helvetica, sans-serif;\">M\u1ee5c \u0111\u00edch thu th\u1eadp th\u00f4ng tin bao g\u1ed3m:<\/span><\/p>&#13;\n<ul>&#13;\n<li>&#13;\n<p><span style=\"font-family: arial, helvetica, sans-serif;\">X\u1eed l\u00fd \u0111\u01a1n \u0111\u1eb7t h\u00e0ng v\u00e0 cung c\u1ea5p c\u00e1c s\u1ea3n ph\u1ea9m <b>N\u00f4ng s\u1ea3n s\u1ea1ch<\/b> (nh\u01b0 D\u01b0a l\u01b0\u1edbi, B\u00ed \u0111\u1ecf, B\u01a1 034, v.v.) v\u00e0 <b>S\u1ea3n ph\u1ea9m ch\u1ebf bi\u1ebfn F&amp;B<\/b>.<\/span><\/p>&#13;\n<\/li>&#13;\n<li>&#13;\n<p><span style=\"font-family: arial, helvetica, sans-serif;\">Th\u1ef1c hi\u1ec7n c\u00e1c d\u1ecbch v\u1ee5 <b>H\u1ed7 tr\u1ee3 k\u1ef9 thu\u1eadt<\/b> v\u00e0 tr\u1ea3 l\u1eddi th\u1eafc m\u1eafc trong chuy\u00ean m\u1ee5c <b>&#8220;K\u1ef9 s\u01b0 Farm tr\u1ea3 l\u1eddi Tr\u1ef1c tuy\u1ebfn&#8221;<\/b> (H\u1ecfi &amp; \u0110\u00e1p).<\/span><\/p>&#13;\n<\/li>&#13;\n<li>&#13;\n<p><span style=\"font-family: arial, helvetica, sans-serif;\">Th\u1ef1c hi\u1ec7n c\u00e1c h\u1ee3p t\u00e1c <b>B2B<\/b> v\u00e0 k\u1ebft n\u1ed1i v\u1edbi <b>\u0110\u1ed1i t\u00e1c trong n\u01b0\u1edbc\/qu\u1ed1c t\u1ebf<\/b>.<\/span><\/p>&#13;\n<\/li>&#13;\n<li>&#13;\n<p><span style=\"font-family: arial, helvetica, sans-serif;\">C\u1ea3i thi\u1ec7n ch\u1ea5t l\u01b0\u1ee3ng d\u1ecbch v\u1ee5, s\u1ea3n ph\u1ea9m v\u00e0 n\u1ed9i dung chia s\u1ebb ki\u1ebfn th\u1ee9c (m\u1ee5c <b>Ki\u1ebfn th\u1ee9c chuy\u00ean ng\u00e0nh<\/b>, <b>K\u1ef9 thu\u1eadt n\u00f4ng nghi\u1ec7p c\u00f4ng ngh\u1ec7 cao<\/b>).<\/span><\/p>&#13;\n<\/li>&#13;\n<li>&#13;\n<p><span style=\"font-family: arial, helvetica, sans-serif;\">Qu\u1ea3n l\u00fd t\u00e0i kho\u1ea3n, g\u1eedi th\u00f4ng b\u00e1o c\u1eadp nh\u1eadt, tin t\u1ee9c khuy\u1ebfn m\u00e3i v\u00e0 c\u00e1c ho\u1ea1t \u0111\u1ed9ng c\u1ed9ng \u0111\u1ed3ng.<\/span><\/p>&#13;\n<\/li>&#13;\n<\/ul>&#13;\n<p><span style=\"font-family: arial, helvetica, sans-serif;\">1.2. Ph\u1ea1m vi \u00e1p d\u1ee5ng:<\/span><\/p>&#13;\n<p><span style=\"font-family: arial, helvetica, sans-serif;\">Ch\u00ednh s\u00e1ch n\u00e0y \u00e1p d\u1ee5ng cho t\u1ea5t c\u1ea3 Kh\u00e1ch h\u00e0ng\/Ng\u01b0\u1eddi d\u00f9ng t\u01b0\u01a1ng t\u00e1c v\u1edbi NLF qua:<\/span><\/p>&#13;\n<ul>&#13;\n<li>&#13;\n<p><span style=\"font-family: arial, helvetica, sans-serif;\">Website ch\u00ednh th\u1ee9c: <code>https:\/\/nonglamfarm.com<\/code><\/span><\/p>&#13;\n<\/li>&#13;\n<li>&#13;\n<p><span style=\"font-family: arial, helvetica, sans-serif;\">C\u00e1c k\u00eanh m\u1ea1ng x\u00e3 h\u1ed9i, s\u00e0n th\u01b0\u01a1ng m\u1ea1i \u0111i\u1ec7n t\u1eed ch\u00ednh th\u1ee9c.<\/span><\/p>&#13;\n<\/li>&#13;\n<li>&#13;\n<p><span style=\"font-family: arial, helvetica, sans-serif;\">C\u00e1c giao d\u1ecbch B2B, H\u1ee3p \u0111\u1ed3ng ph\u00e2n ph\u1ed1i.<\/span><\/p>&#13;\n<\/li>&#13;\n<\/ul>&#13;\n<h3><span style=\"font-family: arial, helvetica, sans-serif;\">2. TYPES OF INFORMATION COLLECTED<\/span><\/h3>&#13;\n<p><span style=\"font-family: arial, helvetica, sans-serif;\">NLF c\u00f3 th\u1ec3 thu th\u1eadp c\u00e1c lo\u1ea1i th\u00f4ng tin sau t\u1eeb Kh\u00e1ch h\u00e0ng\/Ng\u01b0\u1eddi d\u00f9ng:<\/span><\/p>&#13;\n<table>&#13;\n<thead>&#13;\n<tr>&#13;\n<td><span style=\"font-family: arial, helvetica, sans-serif;\"><strong>Lo\u1ea1i Th\u00f4ng tin<\/strong><\/span><\/td>&#13;\n<td><span style=\"font-family: arial, helvetica, sans-serif;\"><strong>M\u00f4 t\u1ea3 chi ti\u1ebft<\/strong><\/span><\/td>&#13;\n<td><span style=\"font-family: arial, helvetica, sans-serif;\"><strong>B\u1ed1i c\u1ea3nh thu th\u1eadp<\/strong><\/span><\/td>&#13;\n<\/tr>&#13;\n<\/thead>&#13;\n<tbody>&#13;\n<tr>&#13;\n<td><span style=\"font-family: arial, helvetica, sans-serif;\"><b>Th\u00f4ng tin C\u00e1 nh\u00e2n C\u01a1 b\u1ea3n<\/b><\/span><\/td>&#13;\n<td><span style=\"font-family: arial, helvetica, sans-serif;\">T\u00ean \u0111\u1ea7y \u0111\u1ee7, S\u1ed1 \u0111i\u1ec7n tho\u1ea1i, \u0110\u1ecba ch\u1ec9 email, \u0110\u1ecba ch\u1ec9 giao h\u00e0ng\/tr\u1ee5 s\u1edf, T\u00ean c\u00f4ng ty (\u0111\u1ed1i t\u00e1c).<\/span><\/td>&#13;\n<td><span style=\"font-family: arial, helvetica, sans-serif;\">\u0110\u0103ng k\u00fd t\u00e0i kho\u1ea3n, \u0110\u1eb7t mua s\u1ea3n ph\u1ea9m, G\u1eedi y\u00eau c\u1ea7u <b>Li\u00ean h\u1ec7\/H\u1ee3p t\u00e1c<\/b>, G\u1eedi c\u00e2u h\u1ecfi cho k\u1ef9 s\u01b0 Farm.<\/span><\/td>&#13;\n<\/tr>&#13;\n<tr>&#13;\n<td><span style=\"font-family: arial, helvetica, sans-serif;\"><b>Th\u00f4ng tin Giao d\u1ecbch<\/b><\/span><\/td>&#13;\n<td><span style=\"font-family: arial, helvetica, sans-serif;\">Chi ti\u1ebft s\u1ea3n ph\u1ea9m \u0111\u00e3 mua (v\u00ed d\u1ee5: D\u01b0a l\u01b0\u1edbi, N\u01b0\u1edbc \u00e9p d\u01b0a l\u01b0\u1edbi), L\u1ecbch s\u1eed mua h\u00e0ng, Ph\u01b0\u01a1ng th\u1ee9c thanh to\u00e1n (kh\u00f4ng l\u01b0u tr\u1eef th\u00f4ng tin th\u1ebb chi ti\u1ebft).<\/span><\/td>&#13;\n<td><span style=\"font-family: arial, helvetica, sans-serif;\">Khi Kh\u00e1ch h\u00e0ng mua s\u1eafm s\u1ea3n ph\u1ea9m <b>NLF Agricultural Products<\/b>.<\/span><\/td>&#13;\n<\/tr>&#13;\n<tr>&#13;\n<td><span style=\"font-family: arial, helvetica, sans-serif;\"><b>Th\u00f4ng tin K\u1ef9 thu\u1eadt\/T\u1ef1 \u0111\u1ed9ng<\/b><\/span><\/td>&#13;\n<td><span style=\"font-family: arial, helvetica, sans-serif;\">\u0110\u1ecba ch\u1ec9 IP, Lo\u1ea1i tr\u00ecnh duy\u1ec7t, Th\u1eddi gian truy c\u1eadp, C\u00e1c trang \u0111\u00e3 xem, D\u1eef li\u1ec7u truy xu\u1ea5t ngu\u1ed3n g\u1ed1c (n\u1ebfu c\u00f3 qu\u00e9t m\u00e3 QR), D\u1eef li\u1ec7u v\u1ec1 t\u01b0\u01a1ng t\u00e1c trong c\u00e1c m\u1ee5c <b>Ki\u1ebfn th\u1ee9c chuy\u00ean ng\u00e0nh<\/b>.<\/span><\/td>&#13;\n<td><span style=\"font-family: arial, helvetica, sans-serif;\">S\u1eed d\u1ee5ng Cookie v\u00e0 c\u00f4ng ngh\u1ec7 ph\u00e2n t\u00edch d\u1eef li\u1ec7u \u0111\u1ec3 v\u1eadn h\u00e0nh website, \u0111\u1eb7c bi\u1ec7t trong m\u00f4 h\u00ecnh <b>N\u00f4ng nghi\u1ec7p th\u00f4ng minh 4.0<\/b><\/span><\/td>&#13;\n<\/tr>&#13;\n<\/tbody>&#13;\n<\/table>&#13;\n<p>\u00a0<\/p>&#13;\n<h3><span style=\"font-family: arial, helvetica, sans-serif;\">3. HOW INFORMATION IS USED<\/span><\/h3>&#13;\n<p><span style=\"font-family: arial, helvetica, sans-serif;\">Th\u00f4ng tin c\u00e1 nh\u00e2n \u0111\u01b0\u1ee3c thu th\u1eadp s\u1ebd \u0111\u01b0\u1ee3c NLF s\u1eed d\u1ee5ng cho c\u00e1c m\u1ee5c \u0111\u00edch sau:<\/span><\/p>&#13;\n<ol start=\"1\">&#13;\n<li>&#13;\n<p><span style=\"font-family: arial, helvetica, sans-serif;\"><b>Th\u1ef1c hi\u1ec7n giao d\u1ecbch:<\/b> X\u1eed l\u00fd \u0111\u01a1n h\u00e0ng, x\u00e1c nh\u1eadn giao d\u1ecbch, v\u1eadn chuy\u1ec3n s\u1ea3n ph\u1ea9m (\u0111\u1ea3m b\u1ea3o <b>ch\u00ednh s\u00e1ch v\u1eadn chuy\u1ec3n<\/b>).<\/span><\/p>&#13;\n<\/li>&#13;\n<li>&#13;\n<p><span style=\"font-family: arial, helvetica, sans-serif;\"><b>H\u1ed7 tr\u1ee3 kh\u00e1ch h\u00e0ng:<\/b> Ph\u1ea3n h\u1ed3i c\u00e1c c\u00e2u h\u1ecfi, khi\u1ebfu n\u1ea1i (v\u00ed d\u1ee5: li\u00ean quan \u0111\u1ebfn <b>Ch\u00ednh s\u00e1ch \u0111\u1ed5i tr\u1ea3 &amp; ho\u00e0n ti\u1ec1n<\/b>), v\u00e0 cung c\u1ea5p d\u1ecbch v\u1ee5 sau b\u00e1n h\u00e0ng.<\/span><\/p>&#13;\n<\/li>&#13;\n<li>&#13;\n<p><span style=\"font-family: arial, helvetica, sans-serif;\"><b>Ph\u00e1t tri\u1ec3n s\u1ea3n ph\u1ea9m &amp; d\u1ecbch v\u1ee5:<\/b> D\u1ef1a v\u00e0o s\u1edf th\u00edch mua h\u00e0ng (nh\u01b0 <b>Rau c\u1ee7 qu\u1ea3<\/b> hay <b>Tr\u00e1i c\u00e2y t\u01b0\u01a1i<\/b>) \u0111\u1ec3 ph\u00e2n t\u00edch th\u1ecb tr\u01b0\u1eddng, nghi\u00ean c\u1ee9u v\u00e0 ph\u00e1t tri\u1ec3n s\u1ea3n ph\u1ea9m m\u1edbi.<\/span><\/p>&#13;\n<\/li>&#13;\n<li>&#13;\n<p><span style=\"font-family: arial, helvetica, sans-serif;\"><b>Truy\u1ec1n th\u00f4ng &amp; Marketing:<\/b> G\u1eedi email\/th\u00f4ng b\u00e1o v\u1ec1 c\u00e1c s\u1ea3n ph\u1ea9m m\u1edbi, ch\u01b0\u01a1ng tr\u00ecnh khuy\u1ebfn m\u00e3i v\u00e0 chia s\u1ebb tri th\u1ee9c chuy\u00ean m\u00f4n v\u1ec1 <b>K\u1ef9 thu\u1eadt n\u00f4ng nghi\u1ec7p c\u00f4ng ngh\u1ec7 cao<\/b>.<\/span><\/p>&#13;\n<\/li>&#13;\n<li>&#13;\n<p><span style=\"font-family: arial, helvetica, sans-serif;\"><b>Tu\u00e2n th\u1ee7 ph\u00e1p lu\u1eadt:<\/b> Ng\u0103n ch\u1eb7n gian l\u1eadn, \u0111\u1ea3m b\u1ea3o an to\u00e0n, b\u1ea3o m\u1eadt th\u00f4ng tin v\u00e0 tu\u00e2n th\u1ee7 c\u00e1c quy \u0111\u1ecbnh ph\u00e1p lu\u1eadt.<\/span><\/p>&#13;\n<\/li>&#13;\n<\/ol>&#13;\n<h3><span style=\"font-family: arial, helvetica, sans-serif;\">4. SHARING AND DISCLOSURE OF INFORMATION<\/span><\/h3>&#13;\n<p><span style=\"font-family: arial, helvetica, sans-serif;\">NLF cam k\u1ebft kh\u00f4ng b\u00e1n, cho thu\u00ea ho\u1eb7c trao \u0111\u1ed5i Th\u00f4ng tin c\u00e1 nh\u00e2n c\u1ee7a Kh\u00e1ch h\u00e0ng cho b\u1ea5t k\u1ef3 b\u00ean th\u1ee9 ba n\u00e0o, tr\u1eeb c\u00e1c tr\u01b0\u1eddng h\u1ee3p sau:<\/span><\/p>&#13;\n<ul>&#13;\n<li>&#13;\n<p><span style=\"font-family: arial, helvetica, sans-serif;\"><b>\u0110\u01a1n v\u1ecb cung c\u1ea5p d\u1ecbch v\u1ee5:<\/b> Chia s\u1ebb v\u1edbi c\u00e1c b\u00ean \u0111\u1ed1i t\u00e1c th\u1ef1c hi\u1ec7n c\u00e1c ch\u1ee9c n\u0103ng kinh doanh (nh\u01b0 \u0111\u01a1n v\u1ecb v\u1eadn chuy\u1ec3n, c\u1ed5ng thanh to\u00e1n) \u0111\u1ec3 ho\u00e0n t\u1ea5t giao d\u1ecbch.<\/span><\/p>&#13;\n<\/li>&#13;\n<li>&#13;\n<p><span style=\"font-family: arial, helvetica, sans-serif;\"><b>\u0110\u1ed1i t\u00e1c kinh doanh:<\/b> Chia s\u1ebb th\u00f4ng tin t\u1ed5ng h\u1ee3p ho\u1eb7c \u1ea9n danh v\u1edbi c\u00e1c <b>\u0110\u1ed1i t\u00e1c qu\u1ed1c t\u1ebf\/trong n\u01b0\u1edbc<\/b> ph\u1ee5c v\u1ee5 m\u1ee5c \u0111\u00edch h\u1ee3p t\u00e1c chi\u1ebfn l\u01b0\u1ee3c (v\u00ed d\u1ee5: <b>Xu\u1ea5t kh\u1ea9u n\u00f4ng s\u1ea3n<\/b>).<\/span><\/p>&#13;\n<\/li>&#13;\n<li>&#13;\n<p><span style=\"font-family: arial, helvetica, sans-serif;\"><b>Y\u00eau c\u1ea7u ph\u00e1p l\u00fd:<\/b> Ti\u1ebft l\u1ed9 th\u00f4ng tin khi c\u00f3 y\u00eau c\u1ea7u h\u1ee3p l\u1ec7 t\u1eeb c\u01a1 quan nh\u00e0 n\u01b0\u1edbc c\u00f3 th\u1ea9m quy\u1ec1n ho\u1eb7c \u0111\u1ec3 b\u1ea3o v\u1ec7 quy\u1ec1n l\u1ee3i h\u1ee3p ph\u00e1p c\u1ee7a NLF v\u00e0 c\u1ed9ng \u0111\u1ed3ng.<\/span><\/p>&#13;\n<\/li>&#13;\n<\/ul>&#13;\n<h3><span style=\"font-family: arial, helvetica, sans-serif;\">5. INFORMATION SECURITY<\/span><\/h3>&#13;\n<p><span style=\"font-family: arial, helvetica, sans-serif;\">NLF \u00e1p d\u1ee5ng c\u00e1c bi\u1ec7n ph\u00e1p b\u1ea3o m\u1eadt nghi\u00eam ng\u1eb7t v\u1ec1 v\u1eadt l\u00fd, \u0111i\u1ec7n t\u1eed v\u00e0 qu\u1ea3n l\u00fd \u0111\u1ec3 b\u1ea3o v\u1ec7 th\u00f4ng tin c\u00e1 nh\u00e2n kh\u1ecfi b\u1ecb truy c\u1eadp, s\u1eed d\u1ee5ng ho\u1eb7c ti\u1ebft l\u1ed9 tr\u00e1i ph\u00e9p.<\/span><\/p>&#13;\n<ul>&#13;\n<li>&#13;\n<p><span style=\"font-family: arial, helvetica, sans-serif;\">S\u1eed d\u1ee5ng c\u00f4ng ngh\u1ec7 m\u00e3 h\u00f3a <b>SSL<\/b> (Secure Sockets Layer) tr\u00ean website.<\/span><\/p>&#13;\n<\/li>&#13;\n<li>&#13;\n<p><span style=\"font-family: arial, helvetica, sans-serif;\">Th\u00f4ng tin giao d\u1ecbch \u0111\u01b0\u1ee3c l\u01b0u tr\u1eef tr\u00ean m\u00e1y ch\u1ee7 an to\u00e0n v\u00e0 \u0111\u01b0\u1ee3c ki\u1ec3m so\u00e1t truy c\u1eadp n\u1ed9i b\u1ed9.<\/span><\/p>&#13;\n<\/li>&#13;\n<li>&#13;\n<p><span style=\"font-family: arial, helvetica, sans-serif;\">Ch\u00fang t\u00f4i \u0111\u1eb7c bi\u1ec7t ch\u00fa tr\u1ecdng b\u1ea3o m\u1eadt d\u1eef li\u1ec7u li\u00ean quan \u0111\u1ebfn quy tr\u00ecnh <b>truy xu\u1ea5t ngu\u1ed3n g\u1ed1c<\/b> \u0111\u1ec3 duy tr\u00ec ni\u1ec1m tin v\u00e0o ch\u1ea5t l\u01b0\u1ee3ng <b>n\u00f4ng s\u1ea3n s\u1ea1ch<\/b>.<\/span><\/p>&#13;\n<\/li>&#13;\n<\/ul>&#13;\n<h3><span style=\"font-family: arial, helvetica, sans-serif;\">6. CUSTOMER RIGHTS<\/span><\/h3>&#13;\n<p><span style=\"font-family: arial, helvetica, sans-serif;\">Kh\u00e1ch h\u00e0ng c\u00f3 c\u00e1c quy\u1ec1n sau \u0111\u1ed1i v\u1edbi Th\u00f4ng tin c\u00e1 nh\u00e2n c\u1ee7a m\u00ecnh:<\/span><\/p>&#13;\n<ul>&#13;\n<li>&#13;\n<p><span style=\"font-family: arial, helvetica, sans-serif;\"><b>Truy c\u1eadp v\u00e0 Ch\u1ec9nh s\u1eeda:<\/b> Kh\u00e1ch h\u00e0ng c\u00f3 quy\u1ec1n y\u00eau c\u1ea7u truy c\u1eadp, xem l\u1ea1i ho\u1eb7c ch\u1ec9nh s\u1eeda Th\u00f4ng tin c\u00e1 nh\u00e2n c\u1ee7a m\u00ecnh b\u1ea5t c\u1ee9 l\u00fac n\u00e0o qua t\u00e0i kho\u1ea3n \u0111\u0103ng nh\u1eadp ho\u1eb7c li\u00ean h\u1ec7 tr\u1ef1c ti\u1ebfp v\u1edbi NLF.<\/span><\/p>&#13;\n<\/li>&#13;\n<li>&#13;\n<p><span style=\"font-family: arial, helvetica, sans-serif;\"><b>R\u00fat l\u1ea1i s\u1ef1 \u0111\u1ed3ng \u00fd:<\/b> Kh\u00e1ch h\u00e0ng c\u00f3 quy\u1ec1n y\u00eau c\u1ea7u NLF ng\u1eebng s\u1eed d\u1ee5ng Th\u00f4ng tin c\u00e1 nh\u00e2n c\u1ee7a m\u00ecnh cho m\u1ee5c \u0111\u00edch ti\u1ebfp th\u1ecb (v\u00ed d\u1ee5: ng\u1eebng nh\u1eadn email tin t\u1ee9c <b>N\u00f4ng nghi\u1ec7p c\u00f4ng ngh\u1ec7 cao<\/b>).<\/span><\/p>&#13;\n<\/li>&#13;\n<li>&#13;\n<p><span style=\"font-family: arial, helvetica, sans-serif;\"><b>Y\u00eau c\u1ea7u X\u00f3a:<\/b> Kh\u00e1ch h\u00e0ng c\u00f3 th\u1ec3 y\u00eau c\u1ea7u x\u00f3a Th\u00f4ng tin c\u00e1 nh\u00e2n c\u1ee7a m\u00ecnh kh\u1ecfi h\u1ec7 th\u1ed1ng NLF, tr\u1eeb khi th\u00f4ng tin \u0111\u00f3 b\u1eaft bu\u1ed9c ph\u1ea3i l\u01b0u tr\u1eef theo quy \u0111\u1ecbnh ph\u00e1p lu\u1eadt.<\/span><\/p>&#13;\n<\/li>&#13;\n<\/ul>&#13;\n<h3><span style=\"font-family: arial, helvetica, sans-serif;\">7. STORAGE PERIOD<\/span><\/h3>&#13;\n<p><span style=\"font-family: arial, helvetica, sans-serif;\">Th\u00f4ng tin c\u00e1 nh\u00e2n c\u1ee7a Kh\u00e1ch h\u00e0ng \u0111\u01b0\u1ee3c l\u01b0u tr\u1eef trong h\u1ec7 th\u1ed1ng c\u1ee7a NLF cho \u0111\u1ebfn khi Kh\u00e1ch h\u00e0ng g\u1eedi y\u00eau c\u1ea7u h\u1ee7y b\u1ecf ho\u1eb7c khi c\u00f4ng ty x\u00e9t th\u1ea5y kh\u00f4ng c\u00f2n c\u1ea7n thi\u1ebft cho m\u1ee5c \u0111\u00edch kinh doanh.<\/span><\/p>&#13;\n<h3><span style=\"font-family: arial, helvetica, sans-serif;\">8. CHANGES TO THE PRIVACY POLICY<\/span><\/h3>&#13;\n<p><span style=\"font-family: arial, helvetica, sans-serif;\">NLF c\u00f3 quy\u1ec1n thay \u0111\u1ed5i ho\u1eb7c c\u1eadp nh\u1eadt Ch\u00ednh s\u00e1ch b\u1ea3o m\u1eadt n\u00e0y b\u1ea5t c\u1ee9 l\u00fac n\u00e0o. M\u1ecdi thay \u0111\u1ed5i s\u1ebd \u0111\u01b0\u1ee3c c\u00f4ng b\u1ed1 tr\u00ean website ch\u00ednh th\u1ee9c <b>https:\/\/www.google.com\/search?q=nonglamfarm.com<\/b> v\u00e0 c\u00f3 hi\u1ec7u l\u1ef1c ngay khi \u0111\u01b0\u1ee3c \u0111\u0103ng t\u1ea3i. Kh\u00e1ch h\u00e0ng n\u00ean th\u01b0\u1eddng xuy\u00ean ki\u1ec3m tra Ch\u00ednh s\u00e1ch n\u00e0y \u0111\u1ec3 n\u1eafm b\u1eaft th\u00f4ng tin m\u1edbi nh\u1ea5t.<\/span><\/p>&#13;\n<h3><span style=\"font-family: arial, helvetica, sans-serif;\">9. CONTACT INFORMATION<\/span><\/h3>&#13;\n<p><span style=\"font-family: arial, helvetica, sans-serif;\">M\u1ecdi th\u1eafc m\u1eafc ho\u1eb7c y\u00eau c\u1ea7u li\u00ean quan \u0111\u1ebfn Ch\u00ednh s\u00e1ch b\u1ea3o m\u1eadt, vui l\u00f2ng li\u00ean h\u1ec7:<\/span><\/p>&#13;\n<p><span style=\"font-family: arial, helvetica, sans-serif;\"><b>C\u00d4NG TY C\u1ed4 PH\u1ea6N N\u00d4NG L\u00c2M FARM<\/b><\/span><\/p>&#13;\n<ul>&#13;\n<li>&#13;\n<p><span style=\"font-family: arial, helvetica, sans-serif;\"><b>\u0110\u1ecba ch\u1ec9:<\/b> 111 Tr\u01b0\u01a1ng V\u0103n Bang, P. C\u00e1t L\u00e1i, TP. H\u1ed3 Ch\u00ed Minh<\/span><\/p>&#13;\n<\/li>&#13;\n<li>&#13;\n<p><span style=\"font-family: arial, helvetica, sans-serif;\"><b>Email:<\/b> [\u0110\u1ecba ch\u1ec9 Email ch\u00ednh th\u1ee9c]<\/span><\/p>&#13;\n<\/li>&#13;\n<li>&#13;\n<p><span style=\"font-family: arial, helvetica, sans-serif;\"><b>S\u1ed1 \u0111i\u1ec7n tho\u1ea1i:<\/b> [S\u1ed1 \u0111i\u1ec7n tho\u1ea1i ch\u00ednh th\u1ee9c]<\/span><\/p>&#13;\n<\/li>&#13;\n<li>&#13;\n<p><span style=\"font-family: arial, helvetica, sans-serif;\"><b>Gi\u1edd l\u00e0m vi\u1ec7c:<\/b> Th\u1ee9 2-Th\u1ee9 6: 8:00-17:00; Th\u1ee9 7: 8:00-12:00<\/span><\/p>&#13;\n<\/li>&#13;\n<\/ul>","protected":false},"excerpt":{"rendered":"<p>&#13; NONG LAM FARM JOINT STOCK COMPANY &#13; PERSONAL INFORMATION PRIVACY POLICY &#13; Ng\u00e0y c\u00f3 hi\u1ec7u l\u1ef1c: 01\/11\/2025 &#13; \u00a0<\/p>\n","protected":false},"author":1,"featured_media":0,"parent":0,"menu_order":0,"comment_status":"closed","ping_status":"open","template":"","meta":{"footnotes":""},"class_list":["post-38226","page","type-page","status-publish","hentry"],"_links":{"self":[{"href":"https:\/\/nonglamfarm.com\/en\/wp-json\/wp\/v2\/pages\/38226","targetHints":{"allow":["GET"]}}],"collection":[{"href":"https:\/\/nonglamfarm.com\/en\/wp-json\/wp\/v2\/pages"}],"about":[{"href":"https:\/\/nonglamfarm.com\/en\/wp-json\/wp\/v2\/types\/page"}],"author":[{"embeddable":true,"href":"https:\/\/nonglamfarm.com\/en\/wp-json\/wp\/v2\/users\/1"}],"replies":[{"embeddable":true,"href":"https:\/\/nonglamfarm.com\/en\/wp-json\/wp\/v2\/comments?post=38226"}],"version-history":[{"count":0,"href":"https:\/\/nonglamfarm.com\/en\/wp-json\/wp\/v2\/pages\/38226\/revisions"}],"wp:attachment":[{"href":"https:\/\/nonglamfarm.com\/en\/wp-json\/wp\/v2\/media?parent=38226"}],"curies":[{"name":"wp","href":"https:\/\/api.w.org\/{rel}","templated":true}]}}