{"id":38228,"date":"2025-09-20T14:48:58","date_gmt":"2025-09-20T07:48:58","guid":{"rendered":"https:\/\/nonglamfarm.com\/return-refund-policy\/"},"modified":"2025-11-02T12:09:10","modified_gmt":"2025-11-02T05:09:10","slug":"return-refund-policy","status":"publish","type":"page","link":"https:\/\/nonglamfarm.com\/en\/return-refund-policy\/","title":{"rendered":"Return &amp; Refund Policy"},"content":{"rendered":"<p><span style=\"font-family: arial, helvetica, sans-serif;\"><\/p>\n&#13;\n<h2><span style=\"font-family: arial, helvetica, sans-serif;\">NONG LAM FARM JOINT STOCK COMPANY<\/span><\/h2>&#13;\n<h2><span style=\"font-family: arial, helvetica, sans-serif;\">RETURN &amp; REFUND POLICY<\/span><\/h2>&#13;\n<h3><span style=\"font-family: arial, helvetica, sans-serif;\">1. CAM K\u1ebeT CH\u1ea4T L\u01af\u1ee2NG<\/span><\/h3>&#13;\n<p><span style=\"font-family: arial, helvetica, sans-serif;\">NLF is committed to supplying Clean Agricultural Products and F&amp;B Processed Products of high quality, fresh, safe, strictly adhering to high-tech procedures, and achieving reputable domestic and international food safety standards (such as VietGAP).<\/span><\/p>&#13;\n<p><span style=\"font-family: arial, helvetica, sans-serif;\">This policy aims to ensure maximum benefits for the Customer when errors arise from NLF&#8217;s production, packaging, or shipping stages.<\/span><\/p>&#13;\n<h3><span style=\"font-family: arial, helvetica, sans-serif;\">2. \u0110I\u1ec0U KI\u1ec6N \u0110\u1ed4I TR\u1ea2\/HO\u00c0N TI\u1ec0N<\/span><\/h3>&#13;\n<p><span style=\"font-family: arial, helvetica, sans-serif;\">Products are accepted for return, exchange, or refund when they SIMULTANEOUSLY meet the following conditions:<\/span><\/p>&#13;\n<table>&#13;\n<thead>&#13;\n<tr>&#13;\n<td><span style=\"font-family: arial, helvetica, sans-serif;\"><strong>Ti\u00eau ch\u00ed<\/strong><\/span><\/td>&#13;\n<td><span style=\"font-family: arial, helvetica, sans-serif;\"><strong>M\u00f4 t\u1ea3 chi ti\u1ebft<\/strong><\/span><\/td>&#13;\n<td><span style=\"font-family: arial, helvetica, sans-serif;\"><strong>Th\u1eddi h\u1ea1n th\u00f4ng b\u00e1o<\/strong><\/span><\/td>&#13;\n<\/tr>&#13;\n<\/thead>&#13;\n<tbody>&#13;\n<tr>&#13;\n<td><span style=\"font-family: arial, helvetica, sans-serif;\"><b>L\u1ed7i Ch\u1ea5t l\u01b0\u1ee3ng (H\u00e0ng d\u1ec5 h\u1ecfng)<\/b><\/span><\/td>&#13;\n<td><span style=\"font-family: arial, helvetica, sans-serif;\">S\u1ea3n ph\u1ea9m b\u1ecb h\u01b0 h\u1ecfng, d\u1eadp n\u00e1t nghi\u00eam tr\u1ecdng, bi\u1ebfn ch\u1ea5t, ho\u1eb7c kh\u00f4ng \u0111\u1ea1t ti\u00eau chu\u1ea9n ch\u1ea5t l\u01b0\u1ee3ng\/\u0111\u1ed9 t\u01b0\u01a1i ngon \u0111\u00e3 cam k\u1ebft t\u1ea1i th\u1eddi \u0111i\u1ec3m giao nh\u1eadn (v\u00ed d\u1ee5: <b>D\u01b0a l\u01b0\u1edbi<\/b> b\u1ecb \u00fang, <b>Tr\u00e1i c\u00e2y t\u01b0\u01a1i<\/b> b\u1ecb h\u1ecfng b\u00ean trong).<\/span><\/td>&#13;\n<td><span style=\"font-family: arial, helvetica, sans-serif;\">Trong v\u00f2ng <b>24 gi\u1edd<\/b> k\u1ec3 t\u1eeb khi Kh\u00e1ch h\u00e0ng nh\u1eadn h\u00e0ng.<\/span><\/td>&#13;\n<\/tr>&#13;\n<tr>&#13;\n<td><span style=\"font-family: arial, helvetica, sans-serif;\"><b>L\u1ed7i \u0110\u00f3ng g\u00f3i\/Giao sai<\/b><\/span><\/td>&#13;\n<td><span style=\"font-family: arial, helvetica, sans-serif;\">Giao sai lo\u1ea1i s\u1ea3n ph\u1ea9m, thi\u1ebfu s\u1ed1 l\u01b0\u1ee3ng, ho\u1eb7c bao b\u00ec (\u0111\u1eb7c bi\u1ec7t cho <b>N\u01b0\u1edbc \u00e9p d\u01b0a l\u01b0\u1edbi<\/b>) b\u1ecb r\u00e1ch\/h\u1edf l\u00e0m \u1ea3nh h\u01b0\u1edfng \u0111\u1ebfn ch\u1ea5t l\u01b0\u1ee3ng.<\/span><\/td>&#13;\n<td><span style=\"font-family: arial, helvetica, sans-serif;\">Trong v\u00f2ng <b>48 gi\u1edd<\/b> k\u1ec3 t\u1eeb khi Kh\u00e1ch h\u00e0ng nh\u1eadn h\u00e0ng.<\/span><\/td>&#13;\n<\/tr>&#13;\n<tr>&#13;\n<td><span style=\"font-family: arial, helvetica, sans-serif;\"><b>B\u1eb1ng ch\u1ee9ng<\/b><\/span><\/td>&#13;\n<td><span style=\"font-family: arial, helvetica, sans-serif;\">Kh\u00e1ch h\u00e0ng cung c\u1ea5p \u0111\u1ea7y \u0111\u1ee7 b\u1eb1ng ch\u1ee9ng (h\u00ecnh \u1ea3nh\/video) ch\u1ee9ng minh l\u1ed7i s\u1ea3n ph\u1ea9m v\u00e0 m\u00e3 <b>truy xu\u1ea5t ngu\u1ed3n g\u1ed1c<\/b> (m\u00e3 QR\/tem) c\u00f2n nguy\u00ean v\u1eb9n.<\/span><\/td>&#13;\n<td><span style=\"font-family: arial, helvetica, sans-serif;\">N\/A<\/span><\/td>&#13;\n<\/tr>&#13;\n<tr>&#13;\n<td><span style=\"font-family: arial, helvetica, sans-serif;\"><b>T\u00ecnh tr\u1ea1ng s\u1ea3n ph\u1ea9m<\/b><\/span><\/td>&#13;\n<td><span style=\"font-family: arial, helvetica, sans-serif;\">S\u1ea3n ph\u1ea9m ph\u1ea3i c\u00f2n nguy\u00ean tem\/nh\u00e3n m\u00e1c (tr\u1eeb ph\u1ea7n b\u1ecb l\u1ed7i) v\u00e0 ch\u01b0a qua s\u1eed d\u1ee5ng ho\u1eb7c ch\u1ebf bi\u1ebfn (n\u1ebfu l\u00e0 s\u1ea3n ph\u1ea9m kh\u00f4ng l\u1ed7i).<\/span><\/td>&#13;\n<td><span style=\"font-family: arial, helvetica, sans-serif;\">N\/A<\/span><\/td>&#13;\n<\/tr>&#13;\n<\/tbody>&#13;\n<\/table>&#13;\n<p>\u00a0<\/p>&#13;\n<h3><span style=\"font-family: arial, helvetica, sans-serif;\">3. QUY TR\u00ccNH X\u1eec L\u00dd \u0110\u1ed4I TR\u1ea2\/HO\u00c0N TI\u1ec0N<\/span><\/h3>&#13;\n<ol start=\"1\">&#13;\n<li>&#13;\n<p><span style=\"font-family: arial, helvetica, sans-serif;\">Notification &amp; Provision of Evidence: Customers must immediately contact NLF via the Phone Number (Priority) or Email within the stipulated time frame (Section 2) and provide details of the fault, accompanied by evidence (images\/videos).<\/span><\/p>&#13;\n<\/li>&#13;\n<li>&#13;\n<p><span style=\"font-family: arial, helvetica, sans-serif;\">Verification: The NLF team will conduct fault verification based on the evidence, cross-referencing with production data (via the traceability code) and shipping history. The verification process may take from 12 to 24 hours. <\/span><\/p>&#13;\n<\/li>&#13;\n<li>&#13;\n<p><span style=\"font-family: arial, helvetica, sans-serif;\">Processing: After successful verification, NLF will notify the Customer of the solution (Product exchange or Refund).<\/span><\/p>&#13;\n<\/li>&#13;\n<\/ol>&#13;\n<h3><span style=\"font-family: arial, helvetica, sans-serif;\">4. PH\u01af\u01a0NG TH\u1ee8C HO\u00c0N TI\u1ec0N V\u00c0 \u0110\u1ed4I H\u00c0NG<\/span><\/h3>&#13;\n<p><span style=\"font-family: arial, helvetica, sans-serif;\"><b>4.1. Product Exchange:<\/b><\/span><\/p>&#13;\n<ul>&#13;\n<li>&#13;\n<p><span style=\"font-family: arial, helvetica, sans-serif;\">NLF will exchange the product for a new one of the same type, same quantity, and guaranteed quality.<\/span><\/p>&#13;\n<\/li>&#13;\n<li>&#13;\n<p><span style=\"font-family: arial, helvetica, sans-serif;\">New delivery time: According to specific agreement, prioritizing the fastest possible delivery (within 24-48 hours for the Ho Chi Minh City area).<\/span><\/p>&#13;\n<\/li>&#13;\n<li>&#13;\n<p><span style=\"font-family: arial, helvetica, sans-serif;\">NLF bears all incurred shipping costs for the return and exchange of goods.<\/span><\/p>&#13;\n<\/li>&#13;\n<\/ul>&#13;\n<p><span style=\"font-family: arial, helvetica, sans-serif;\"><b>4.2. Refund:<\/b><\/span><\/p>&#13;\n<ul>&#13;\n<li>&#13;\n<p><span style=\"font-family: arial, helvetica, sans-serif;\">Refund Value: Equal to 100% of the value of the faulty product that was paid for.<\/span><\/p>&#13;\n<\/li>&#13;\n<li>&#13;\n<p><span style=\"font-family: arial, helvetica, sans-serif;\">Method: Bank transfer.<\/span><\/p>&#13;\n<\/li>&#13;\n<li>&#13;\n<p><span style=\"font-family: arial, helvetica, sans-serif;\">Refund Period: Within 03 &#8211; 07 working days from the date NLF successfully confirms the refund notification.<\/span><\/p>&#13;\n<\/li>&#13;\n<\/ul>&#13;\n<h3><span style=\"font-family: arial, helvetica, sans-serif;\">5. C\u00c1C TR\u01af\u1edcNG H\u1ee2P KH\u00d4NG \u00c1P D\u1ee4NG \u0110\u1ed4I TR\u1ea2\/HO\u00c0N TI\u1ec0N<\/span><\/h3>&#13;\n<p><span style=\"font-family: arial, helvetica, sans-serif;\">NLF refuses to process returns\/refunds in the following cases:<\/span><\/p>&#13;\n<ul>&#13;\n<li>&#13;\n<p><span style=\"font-family: arial, helvetica, sans-serif;\">The Customer fails to notify NLF within the stipulated time frame (24 hours for perishable goods defects).<\/span><\/p>&#13;\n<\/li>&#13;\n<li>&#13;\n<p><span style=\"font-family: arial, helvetica, sans-serif;\">The error arises due to the Customer&#8217;s improper preservation, use, or processing (for example: damage caused by leaving Vegetables and Fruits or Fresh Fruit at an unsuitable ambient temperature).<\/span><\/p>&#13;\n<\/li>&#13;\n<li>&#13;\n<p><span style=\"font-family: arial, helvetica, sans-serif;\">The product has been used or processed by the Customer for more than 50% of its volume.<\/span><\/p>&#13;\n<\/li>&#13;\n<li>&#13;\n<p><span style=\"font-family: arial, helvetica, sans-serif;\">The product was damaged after the customer signed the Delivery Record without any note regarding the defective condition.<\/span><\/p>&#13;\n<\/li>&#13;\n<\/ul>&#13;\n<h3><span style=\"font-family: arial, helvetica, sans-serif;\">6. TH\u00d4NG TIN LI\u00caN H\u1ec6<\/span><\/h3>&#13;\n<p><span style=\"font-family: arial, helvetica, sans-serif;\">Any questions or requests related to the Return &amp; Refund Policy, please contact:<\/span><\/p>&#13;\n<ul>&#13;\n<li>&#13;\n<p><span style=\"font-family: arial, helvetica, sans-serif;\">Department: NLF Customer Care<\/span><\/p>&#13;\n<\/li>&#13;\n<li>&#13;\n<p><span style=\"font-family: arial, helvetica, sans-serif;\">Address: 111 Truong Van Bang Street, Cat Lai Ward Ho Chi Minh City<\/span><\/p>&#13;\n<\/li>&#13;\n<li>&#13;\n<p><span style=\"font-family: arial, helvetica, sans-serif;\">Phone Number: [Official Phone Number]<\/span><\/p>&#13;\n<\/li>&#13;\n<li>&#13;\n<p><span style=\"font-family: arial, helvetica, sans-serif;\">Email: [Official Email Address]<\/span><\/p>&#13;\n<\/li>&#13;\n<\/ul>&#13;\n<p><span style=\"font-family: arial, helvetica, sans-serif;\"><\/span><\/p><p><\/span><\/p>\n","protected":false},"excerpt":{"rendered":"<p>&#13; NONG LAM FARM JOINT STOCK COMPANY &#13; RETURN &amp; REFUND POLICY &#13; 1. CAM K\u1ebeT CH\u1ea4T L\u01af\u1ee2NG &#13; NLF<\/p>\n","protected":false},"author":1,"featured_media":0,"parent":0,"menu_order":0,"comment_status":"closed","ping_status":"closed","template":"","meta":{"footnotes":""},"class_list":["post-38228","page","type-page","status-publish","hentry"],"_links":{"self":[{"href":"https:\/\/nonglamfarm.com\/en\/wp-json\/wp\/v2\/pages\/38228","targetHints":{"allow":["GET"]}}],"collection":[{"href":"https:\/\/nonglamfarm.com\/en\/wp-json\/wp\/v2\/pages"}],"about":[{"href":"https:\/\/nonglamfarm.com\/en\/wp-json\/wp\/v2\/types\/page"}],"author":[{"embeddable":true,"href":"https:\/\/nonglamfarm.com\/en\/wp-json\/wp\/v2\/users\/1"}],"replies":[{"embeddable":true,"href":"https:\/\/nonglamfarm.com\/en\/wp-json\/wp\/v2\/comments?post=38228"}],"version-history":[{"count":0,"href":"https:\/\/nonglamfarm.com\/en\/wp-json\/wp\/v2\/pages\/38228\/revisions"}],"wp:attachment":[{"href":"https:\/\/nonglamfarm.com\/en\/wp-json\/wp\/v2\/media?parent=38228"}],"curies":[{"name":"wp","href":"https:\/\/api.w.org\/{rel}","templated":true}]}}